{"id":13326,"date":"2025-06-06T02:45:01","date_gmt":"2025-06-06T02:45:01","guid":{"rendered":"https:\/\/coronadelinca.com.ar\/?post_type=product&#038;p=13326"},"modified":"2026-01-07T13:34:14","modified_gmt":"2026-01-07T13:34:14","slug":"parques-del-triasico","status":"publish","type":"product","link":"https:\/\/coronadelinca.com.ar\/en\/product\/parques-del-triasico\/","title":{"rendered":"204 \u2013 Triassic Parks"},"content":{"rendered":"","protected":false},"excerpt":{"rendered":"<p>Paquete que incluye un recorrido por los principales Parques de la regi\u00f3n, donde en 2 d\u00edas transitaremos mas de 70 millones de a\u00f1os de la historia geol\u00f3gica de nuestro Planeta por diferentes sitios que exponen ante nuestros ojos el per\u00edodo Tri\u00e1sico completo: El <strong>Parque Nacional Talampaya<\/strong> y el <strong>Parque Provincial Ischigualasto<\/strong> (San Juan).<\/p>","protected":false},"featured_media":14076,"comment_status":"open","ping_status":"closed","template":"","meta":{"_acf_changed":false,"_joinchat":[]},"product_brand":[],"product_cat":[15],"product_tag":[],"class_list":{"0":"post-13326","1":"product","2":"type-product","3":"status-publish","4":"has-post-thumbnail","6":"product_cat-paquetes","8":"first","9":"instock","10":"virtual","11":"sold-individually","12":"purchasable","13":"product-type-booking"},"acf":[],"_links":{"self":[{"href":"https:\/\/coronadelinca.com.ar\/en\/wp-json\/wp\/v2\/product\/13326","targetHints":{"allow":["GET"]}}],"collection":[{"href":"https:\/\/coronadelinca.com.ar\/en\/wp-json\/wp\/v2\/product"}],"about":[{"href":"https:\/\/coronadelinca.com.ar\/en\/wp-json\/wp\/v2\/types\/product"}],"replies":[{"embeddable":true,"href":"https:\/\/coronadelinca.com.ar\/en\/wp-json\/wp\/v2\/comments?post=13326"}],"wp:featuredmedia":[{"embeddable":true,"href":"https:\/\/coronadelinca.com.ar\/en\/wp-json\/wp\/v2\/media\/14076"}],"wp:attachment":[{"href":"https:\/\/coronadelinca.com.ar\/en\/wp-json\/wp\/v2\/media?parent=13326"}],"wp:term":[{"taxonomy":"product_brand","embeddable":true,"href":"https:\/\/coronadelinca.com.ar\/en\/wp-json\/wp\/v2\/product_brand?post=13326"},{"taxonomy":"product_cat","embeddable":true,"href":"https:\/\/coronadelinca.com.ar\/en\/wp-json\/wp\/v2\/product_cat?post=13326"},{"taxonomy":"product_tag","embeddable":true,"href":"https:\/\/coronadelinca.com.ar\/en\/wp-json\/wp\/v2\/product_tag?post=13326"}],"curies":[{"name":"wp","href":"https:\/\/api.w.org\/{rel}","templated":true}]}}