{"id":13910,"date":"2025-06-26T22:28:58","date_gmt":"2025-06-26T22:28:58","guid":{"rendered":"https:\/\/coronadelinca.com.ar\/?post_type=product&#038;p=13910"},"modified":"2026-01-01T22:14:51","modified_gmt":"2026-01-01T22:14:51","slug":"cerro-de-la-cruz","status":"publish","type":"product","link":"https:\/\/coronadelinca.com.ar\/en\/product\/cerro-de-la-cruz\/","title":{"rendered":"110 \u2013 Cerro de la Cruz viewpoint"},"content":{"rendered":"","protected":false},"excerpt":{"rendered":"<p>Excursi\u00f3n ascendiendo al morro en la Sierra del Velasco.<\/p>\n<p>Partiendo desde La Rioja Capital, visitando la zona residencial oeste de la ciudad, las Padercitas, la Quebrada, el t\u00fanel y Dique de los Sauces. Ascenso a la monta\u00f1a por intrincado camino pedregoso de cornisa, vistas panor\u00e1micas de la ciudad, el dique, Sanagasta y los llanos riojanos, arribando al morro hasta el filo de la monta\u00f1a, donde se encuentra la pista de Parapentes y Ala deltas, los que diariamente hacen pr\u00e1cticas de vuelo, pudiendo observar a estos intr\u00e9pidos voladores en el momento justo de su lanzamiento al vac\u00edo.<\/p>\n<p>Podr\u00e1 optar por regresar al llano volando en Parapente o Ala delta biplaza con experto instructor (con costo extra y con reserva previa).<\/p>","protected":false},"featured_media":13912,"comment_status":"open","ping_status":"closed","template":"","meta":{"_acf_changed":false,"_joinchat":[]},"product_brand":[],"product_cat":[135],"product_tag":[],"class_list":{"0":"post-13910","1":"product","2":"type-product","3":"status-publish","4":"has-post-thumbnail","6":"product_cat-excursiones","8":"first","9":"instock","10":"virtual","11":"sold-individually","12":"purchasable","13":"product-type-booking"},"acf":[],"_links":{"self":[{"href":"https:\/\/coronadelinca.com.ar\/en\/wp-json\/wp\/v2\/product\/13910","targetHints":{"allow":["GET"]}}],"collection":[{"href":"https:\/\/coronadelinca.com.ar\/en\/wp-json\/wp\/v2\/product"}],"about":[{"href":"https:\/\/coronadelinca.com.ar\/en\/wp-json\/wp\/v2\/types\/product"}],"replies":[{"embeddable":true,"href":"https:\/\/coronadelinca.com.ar\/en\/wp-json\/wp\/v2\/comments?post=13910"}],"wp:featuredmedia":[{"embeddable":true,"href":"https:\/\/coronadelinca.com.ar\/en\/wp-json\/wp\/v2\/media\/13912"}],"wp:attachment":[{"href":"https:\/\/coronadelinca.com.ar\/en\/wp-json\/wp\/v2\/media?parent=13910"}],"wp:term":[{"taxonomy":"product_brand","embeddable":true,"href":"https:\/\/coronadelinca.com.ar\/en\/wp-json\/wp\/v2\/product_brand?post=13910"},{"taxonomy":"product_cat","embeddable":true,"href":"https:\/\/coronadelinca.com.ar\/en\/wp-json\/wp\/v2\/product_cat?post=13910"},{"taxonomy":"product_tag","embeddable":true,"href":"https:\/\/coronadelinca.com.ar\/en\/wp-json\/wp\/v2\/product_tag?post=13910"}],"curies":[{"name":"wp","href":"https:\/\/api.w.org\/{rel}","templated":true}]}}