{"id":13938,"date":"2025-06-27T14:51:07","date_gmt":"2025-06-27T14:51:07","guid":{"rendered":"https:\/\/coronadelinca.com.ar\/?post_type=product&#038;p=13938"},"modified":"2026-04-02T21:21:12","modified_gmt":"2026-04-02T21:21:12","slug":"chilecito-y-cuesta-de-miranda","status":"publish","type":"product","link":"https:\/\/coronadelinca.com.ar\/en\/product\/chilecito-y-cuesta-de-miranda\/","title":{"rendered":"102 \u2013 Chilecito and Cuesta de Miranda"},"content":{"rendered":"","protected":false},"excerpt":{"rendered":"<p>Sale 08:00 hs. regresa 19:30 hs.<\/p>\n<p>Partiendo de La Rioja capital hacia Patqu\u00eda, \u00abcruce de caminos\u00bb, localidad donde convergen 5 rutas, nos dirigimos hacia el norte pasando por Los Colorados, bajas serran\u00edas que emergen del \u00e1rido suelo, mostrando sus intensos rojos, donde al pie de las mismas se encuentra la Cueva del caudillo Riojano Chacho Pe\u00f1aloza, donde sol\u00eda apostarse con sus tropas y evadir o esperar al enemigo.<\/p>\n<p>Continuando la ruta al norte, pasando por Catinzaco y Nonogasta, arribamos a Chilecito, donde realizamos recorridos en el imponente cord\u00f3n monta\u00f1oso del Famatina, visitando Santa Florentina, Cuesta las Talas, la Estacion 2 del Cable Carril y el R\u00edo del Oro, visitamos la Estacion 1 del Cable Carril a la Mina La Mejicana y su museo con una magn\u00edfica muestra de lo que fue esta tit\u00e1nica explotaci\u00f3n de Oro, Cobre y Plata en la primera mitad del siglo XX. Recorrido por los distritos Chilecite\u00f1os, visitando Samay Huasi, la casa finca y museo del Dr. Joaqu\u00edn V\u00edctor Gonz\u00e1lez, hoy perteneciente a la Universidad de La Plata, tambien visitamos el Cristo del Portezuelo y la bodega \u00abLa Riojana\u00bb o \u00abLa Puerta\u00bb con su sal\u00f3n de degustaci\u00f3n y ventas.<\/p>\n<p>Por la tarde ascenso a la pintoresca Cuesta de Miranda hasta el Mirador del Monolito con espectaculares vistas panor\u00e1micas, donde se conjugan los verdes, rojos y azules, retornando luego a la ciudad de La Rioja.<\/p>","protected":false},"featured_media":13952,"comment_status":"open","ping_status":"closed","template":"","meta":{"_acf_changed":false,"_joinchat":[]},"product_brand":[],"product_cat":[135],"product_tag":[],"class_list":{"0":"post-13938","1":"product","2":"type-product","3":"status-publish","4":"has-post-thumbnail","6":"product_cat-excursiones","8":"first","9":"instock","10":"virtual","11":"sold-individually","12":"purchasable","13":"product-type-booking"},"acf":[],"_links":{"self":[{"href":"https:\/\/coronadelinca.com.ar\/en\/wp-json\/wp\/v2\/product\/13938","targetHints":{"allow":["GET"]}}],"collection":[{"href":"https:\/\/coronadelinca.com.ar\/en\/wp-json\/wp\/v2\/product"}],"about":[{"href":"https:\/\/coronadelinca.com.ar\/en\/wp-json\/wp\/v2\/types\/product"}],"replies":[{"embeddable":true,"href":"https:\/\/coronadelinca.com.ar\/en\/wp-json\/wp\/v2\/comments?post=13938"}],"wp:featuredmedia":[{"embeddable":true,"href":"https:\/\/coronadelinca.com.ar\/en\/wp-json\/wp\/v2\/media\/13952"}],"wp:attachment":[{"href":"https:\/\/coronadelinca.com.ar\/en\/wp-json\/wp\/v2\/media?parent=13938"}],"wp:term":[{"taxonomy":"product_brand","embeddable":true,"href":"https:\/\/coronadelinca.com.ar\/en\/wp-json\/wp\/v2\/product_brand?post=13938"},{"taxonomy":"product_cat","embeddable":true,"href":"https:\/\/coronadelinca.com.ar\/en\/wp-json\/wp\/v2\/product_cat?post=13938"},{"taxonomy":"product_tag","embeddable":true,"href":"https:\/\/coronadelinca.com.ar\/en\/wp-json\/wp\/v2\/product_tag?post=13938"}],"curies":[{"name":"wp","href":"https:\/\/api.w.org\/{rel}","templated":true}]}}