{"id":13965,"date":"2025-06-27T15:38:59","date_gmt":"2025-06-27T15:38:59","guid":{"rendered":"https:\/\/coronadelinca.com.ar\/?post_type=product&#038;p=13965"},"modified":"2026-01-01T22:06:37","modified_gmt":"2026-01-01T22:06:37","slug":"quebrada-de-los-condores-en-sierra-de-los-quinteros","status":"publish","type":"product","link":"https:\/\/coronadelinca.com.ar\/en\/product\/quebrada-de-los-condores-en-sierra-de-los-quinteros\/","title":{"rendered":"108 \u2013 Condor's balcony in the Sierra de los Quinteros"},"content":{"rendered":"","protected":false},"excerpt":{"rendered":"<p>Observaci\u00f3n de C\u00f3ndores con cabalgata y\/o trekking.<\/p>\n<p>QUEBRADA de los CONDORES en 1 dia<\/p>\n<p>PLUS ALMUERZO, CABALGATA y GUIA<\/p>\n<p>Sale 7 hs. regresa 21 hs.<\/p>\n<p>Excursi\u00f3n a la Quebrada del C\u00f3ndor: salida de La Rioja a Punta de los Llanos, Tama y Paca tala. Ascenso a la Sierra de los llanos por huellas entre arroyos de monta\u00f1a y pintorescos paisajes hasta la Estancia Santa Cruz de la Sierra, arribando a la posta tur\u00edstica Quebrada del C\u00f3ndor.<\/p>\n<p>Realizamos una cabalgata o caminata de 2 hs. de duracion hasta el morro de los C\u00f3ndores donde nos detendremos durante 1 hora para observar el vuelo de esta majestuosa ave, dependiendo del d\u00eda podremos observar bandadas de 12, 20 o hasta 40 c\u00f3ndores volando a nuestro alrededor. Regresamos en el horario de la siesta para disfrutar de un exquisito almuerzo casero o mateada en la Posta y a las 18 hs. antes del anochecer retornamos a la Ciudad de La Rioja, arribando aprox. a las 21 hs.<\/p>\n<p><span style=\"text-decoration: underline;\"><strong>OPCIONAL DE 2 D\u00cdAS\/1 NOCHE EN LA POSADA &#8211; \u00a1CONSULTANOS!<\/strong><\/span><\/p>\n<p><strong>We highly recommend taking this tour as a 2 days\/1 night option. You will have more time to enjoy the Estancia Santa Cruz, its homemade regional cuisine, landscapes, river and the views.<\/strong><\/p>","protected":false},"featured_media":13969,"comment_status":"open","ping_status":"closed","template":"","meta":{"_acf_changed":false,"_joinchat":[]},"product_brand":[],"product_cat":[135],"product_tag":[],"class_list":{"0":"post-13965","1":"product","2":"type-product","3":"status-publish","4":"has-post-thumbnail","6":"product_cat-excursiones","8":"first","9":"instock","10":"virtual","11":"sold-individually","12":"purchasable","13":"product-type-booking"},"acf":[],"_links":{"self":[{"href":"https:\/\/coronadelinca.com.ar\/en\/wp-json\/wp\/v2\/product\/13965","targetHints":{"allow":["GET"]}}],"collection":[{"href":"https:\/\/coronadelinca.com.ar\/en\/wp-json\/wp\/v2\/product"}],"about":[{"href":"https:\/\/coronadelinca.com.ar\/en\/wp-json\/wp\/v2\/types\/product"}],"replies":[{"embeddable":true,"href":"https:\/\/coronadelinca.com.ar\/en\/wp-json\/wp\/v2\/comments?post=13965"}],"wp:featuredmedia":[{"embeddable":true,"href":"https:\/\/coronadelinca.com.ar\/en\/wp-json\/wp\/v2\/media\/13969"}],"wp:attachment":[{"href":"https:\/\/coronadelinca.com.ar\/en\/wp-json\/wp\/v2\/media?parent=13965"}],"wp:term":[{"taxonomy":"product_brand","embeddable":true,"href":"https:\/\/coronadelinca.com.ar\/en\/wp-json\/wp\/v2\/product_brand?post=13965"},{"taxonomy":"product_cat","embeddable":true,"href":"https:\/\/coronadelinca.com.ar\/en\/wp-json\/wp\/v2\/product_cat?post=13965"},{"taxonomy":"product_tag","embeddable":true,"href":"https:\/\/coronadelinca.com.ar\/en\/wp-json\/wp\/v2\/product_tag?post=13965"}],"curies":[{"name":"wp","href":"https:\/\/api.w.org\/{rel}","templated":true}]}}