{"id":14036,"date":"2025-06-29T01:11:50","date_gmt":"2025-06-29T01:11:50","guid":{"rendered":"https:\/\/coronadelinca.com.ar\/?post_type=product&#038;p=14036"},"modified":"2026-01-02T14:23:01","modified_gmt":"2026-01-02T14:23:01","slug":"catamarca-ciudad-y-cuesta-del-portezuelo-desde-la-rioja","status":"publish","type":"product","link":"https:\/\/coronadelinca.com.ar\/en\/product\/catamarca-ciudad-y-cuesta-del-portezuelo-desde-la-rioja\/","title":{"rendered":"111 \u2013 City of Catamarca and Cuesta del Portezuelo \u2013 from La Rioja"},"content":{"rendered":"","protected":false},"excerpt":{"rendered":"<p>Sale 8am, regreso 7pm.<\/p>\n<p>Saliendo desde La Rioja hacia el norte por RN38, visitaremos la vecina ciudad de Catamarca, donde podremos conocer su casco c\u00e9ntrico y su Catedral. Recorreremos los alrededores de la ciudad visitando la Gruta de la Virgen del Valle, el embalse El Jumeal. Tambi\u00e9n ascenderemos por la Cuesta del Portezuelo, con incomparables vistas panor\u00e1micas del valle, hasta llegar a la Hoster\u00eda, donde se brinda servicio de cafeter\u00eda y ba\u00f1os.<\/p>","protected":false},"featured_media":14043,"comment_status":"open","ping_status":"closed","template":"","meta":{"_acf_changed":false,"_joinchat":[]},"product_brand":[],"product_cat":[135],"product_tag":[],"class_list":{"0":"post-14036","1":"product","2":"type-product","3":"status-publish","4":"has-post-thumbnail","6":"product_cat-excursiones","8":"first","9":"instock","10":"virtual","11":"sold-individually","12":"purchasable","13":"product-type-booking"},"acf":[],"_links":{"self":[{"href":"https:\/\/coronadelinca.com.ar\/en\/wp-json\/wp\/v2\/product\/14036","targetHints":{"allow":["GET"]}}],"collection":[{"href":"https:\/\/coronadelinca.com.ar\/en\/wp-json\/wp\/v2\/product"}],"about":[{"href":"https:\/\/coronadelinca.com.ar\/en\/wp-json\/wp\/v2\/types\/product"}],"replies":[{"embeddable":true,"href":"https:\/\/coronadelinca.com.ar\/en\/wp-json\/wp\/v2\/comments?post=14036"}],"wp:featuredmedia":[{"embeddable":true,"href":"https:\/\/coronadelinca.com.ar\/en\/wp-json\/wp\/v2\/media\/14043"}],"wp:attachment":[{"href":"https:\/\/coronadelinca.com.ar\/en\/wp-json\/wp\/v2\/media?parent=14036"}],"wp:term":[{"taxonomy":"product_brand","embeddable":true,"href":"https:\/\/coronadelinca.com.ar\/en\/wp-json\/wp\/v2\/product_brand?post=14036"},{"taxonomy":"product_cat","embeddable":true,"href":"https:\/\/coronadelinca.com.ar\/en\/wp-json\/wp\/v2\/product_cat?post=14036"},{"taxonomy":"product_tag","embeddable":true,"href":"https:\/\/coronadelinca.com.ar\/en\/wp-json\/wp\/v2\/product_tag?post=14036"}],"curies":[{"name":"wp","href":"https:\/\/api.w.org\/{rel}","templated":true}]}}