{"id":14056,"date":"2025-06-30T18:56:09","date_gmt":"2025-06-30T18:56:09","guid":{"rendered":"https:\/\/coronadelinca.com.ar\/?post_type=product&#038;p=14056"},"modified":"2026-01-01T21:54:04","modified_gmt":"2026-01-01T21:54:04","slug":"campo-de-piedra-pomez-desde-la-rioja-en-2-dias","status":"publish","type":"product","link":"https:\/\/coronadelinca.com.ar\/en\/product\/campo-de-piedra-pomez-desde-la-rioja-en-2-dias\/","title":{"rendered":"114 \u2013 Pumice Stone Field  \u2013 from La Rioja in 2 days"},"content":{"rendered":"","protected":false},"excerpt":{"rendered":"<p><strong>Tour de 2 dias &#8211;<\/strong><\/p>\n<p>&nbsp;<\/p>\n<p>Sale 8am d\u00eda 1; arribo a La Rioja 9pm d\u00eda 2.<\/p>\n<p>&nbsp;<\/p>\n<p>D\u00eda 1: Salida de La Rioja al norte pasando por Aimogasta cuna del Olivo, rumbo a Londres, en la Provincia vecina de Catamarca, all\u00ed visitaremos las ruinas Incas del Shincal de Quimivil. Sitio de inter\u00e9s arqueol\u00f3gico que fuera la Capital Inca al sur del Cuzco, la Capital del Collasuyo (sur del Tahuantinyuso, Imperio Inca). Aqu\u00ed realizamos una visita guiada con guia de sitio observando las distintas estructuras que a\u00fan quedan, entre ellas el Templo del Sol y Templo de la Luna. Finalizada la visita nos dirigimos a Bel\u00e9n para continuar hacia VillaVil, Quebrada de Indalecio y la Cuesta de Randolfo para arribar al Pueblo El Pe\u00f1\u00f3n, emplazado en el altiplano andino a 3000 metros de altura, donde haremos noche.<\/p>\n<p>D\u00eda 2: Luego del desayuno, nos dirigimos hacia la Laguna Carachi Pampa a los pies del Volcan Carachi Pampa, perfecto cono volc\u00e1nico que emerge desde la superficie cubierto con sus rocas bas\u00e1lticas de color negro. Luego de un rodeo de este volc\u00e1n hacia el sur, continuaremos hasta el sitio de estacionamiento del incre\u00edble Campo de Piedra P\u00f3mez, donde tendremos tiempo de 1 hora para un peque\u00f1o trekking en sus laberintos de rocas creadas por flujos priclocl\u00e1sticos del Volc\u00e1n Blanco. Luego emprendemos el regreso hacia la Localidad del Pe\u00f1\u00f3n para emprender el regreso a la Ciudad de La Rioja<\/p>","protected":false},"featured_media":14064,"comment_status":"open","ping_status":"closed","template":"","meta":{"_acf_changed":false,"_joinchat":[]},"product_brand":[],"product_cat":[135],"product_tag":[],"class_list":{"0":"post-14056","1":"product","2":"type-product","3":"status-publish","4":"has-post-thumbnail","6":"product_cat-excursiones","8":"first","9":"instock","10":"virtual","11":"sold-individually","12":"purchasable","13":"product-type-booking"},"acf":[],"_links":{"self":[{"href":"https:\/\/coronadelinca.com.ar\/en\/wp-json\/wp\/v2\/product\/14056","targetHints":{"allow":["GET"]}}],"collection":[{"href":"https:\/\/coronadelinca.com.ar\/en\/wp-json\/wp\/v2\/product"}],"about":[{"href":"https:\/\/coronadelinca.com.ar\/en\/wp-json\/wp\/v2\/types\/product"}],"replies":[{"embeddable":true,"href":"https:\/\/coronadelinca.com.ar\/en\/wp-json\/wp\/v2\/comments?post=14056"}],"wp:featuredmedia":[{"embeddable":true,"href":"https:\/\/coronadelinca.com.ar\/en\/wp-json\/wp\/v2\/media\/14064"}],"wp:attachment":[{"href":"https:\/\/coronadelinca.com.ar\/en\/wp-json\/wp\/v2\/media?parent=14056"}],"wp:term":[{"taxonomy":"product_brand","embeddable":true,"href":"https:\/\/coronadelinca.com.ar\/en\/wp-json\/wp\/v2\/product_brand?post=14056"},{"taxonomy":"product_cat","embeddable":true,"href":"https:\/\/coronadelinca.com.ar\/en\/wp-json\/wp\/v2\/product_cat?post=14056"},{"taxonomy":"product_tag","embeddable":true,"href":"https:\/\/coronadelinca.com.ar\/en\/wp-json\/wp\/v2\/product_tag?post=14056"}],"curies":[{"name":"wp","href":"https:\/\/api.w.org\/{rel}","templated":true}]}}