{"id":14084,"date":"2025-07-01T13:21:27","date_gmt":"2025-07-01T13:21:27","guid":{"rendered":"https:\/\/coronadelinca.com.ar\/?post_type=product&#038;p=14084"},"modified":"2026-01-07T14:41:28","modified_gmt":"2026-01-07T14:41:28","slug":"ruta-del-vino-riojano","status":"publish","type":"product","link":"https:\/\/coronadelinca.com.ar\/en\/product\/ruta-del-vino-riojano\/","title":{"rendered":"206 \u2013 La Rioja's wine Route"},"content":{"rendered":"","protected":false},"excerpt":{"rendered":"<p>Un programa que recorre los principales Valles productivos vitivin\u00edcolas de la Provincia de la Rioja, visitando sus bodegas, degustando sus mejores vinos, sus vi\u00f1edos, rodeados de monta\u00f1as, disfrutando de calmos atardeceres, de una buena cena acompa\u00f1ada de un buen vino y el silencio de la noche.<\/p>\n<p><span style=\"color: #0000ff;\"><a style=\"color: #0000ff;\" href=\"https:\/\/coronadelinca.com.ar\/en\/product\/ruta-del-vino-riojano-2\/\" target=\"_blank\" rel=\"noopener\">VER OTRAS OPCIONES DE PRECIO EN SALIDA MENSUAL<\/a><\/span><\/p>","protected":false},"featured_media":14087,"comment_status":"open","ping_status":"closed","template":"","meta":{"_acf_changed":false,"_joinchat":[]},"product_brand":[],"product_cat":[15],"product_tag":[],"class_list":{"0":"post-14084","1":"product","2":"type-product","3":"status-publish","4":"has-post-thumbnail","6":"product_cat-paquetes","8":"first","9":"instock","10":"virtual","11":"sold-individually","12":"purchasable","13":"product-type-booking"},"acf":[],"_links":{"self":[{"href":"https:\/\/coronadelinca.com.ar\/en\/wp-json\/wp\/v2\/product\/14084","targetHints":{"allow":["GET"]}}],"collection":[{"href":"https:\/\/coronadelinca.com.ar\/en\/wp-json\/wp\/v2\/product"}],"about":[{"href":"https:\/\/coronadelinca.com.ar\/en\/wp-json\/wp\/v2\/types\/product"}],"replies":[{"embeddable":true,"href":"https:\/\/coronadelinca.com.ar\/en\/wp-json\/wp\/v2\/comments?post=14084"}],"wp:featuredmedia":[{"embeddable":true,"href":"https:\/\/coronadelinca.com.ar\/en\/wp-json\/wp\/v2\/media\/14087"}],"wp:attachment":[{"href":"https:\/\/coronadelinca.com.ar\/en\/wp-json\/wp\/v2\/media?parent=14084"}],"wp:term":[{"taxonomy":"product_brand","embeddable":true,"href":"https:\/\/coronadelinca.com.ar\/en\/wp-json\/wp\/v2\/product_brand?post=14084"},{"taxonomy":"product_cat","embeddable":true,"href":"https:\/\/coronadelinca.com.ar\/en\/wp-json\/wp\/v2\/product_cat?post=14084"},{"taxonomy":"product_tag","embeddable":true,"href":"https:\/\/coronadelinca.com.ar\/en\/wp-json\/wp\/v2\/product_tag?post=14084"}],"curies":[{"name":"wp","href":"https:\/\/api.w.org\/{rel}","templated":true}]}}