{"id":14090,"date":"2025-07-01T19:48:07","date_gmt":"2025-07-01T19:48:07","guid":{"rendered":"https:\/\/coronadelinca.com.ar\/?post_type=product&#038;p=14090"},"modified":"2026-01-07T13:29:07","modified_gmt":"2026-01-07T13:29:07","slug":"ruta-del-vino-y-dinosaurios","status":"publish","type":"product","link":"https:\/\/coronadelinca.com.ar\/en\/product\/ruta-del-vino-y-dinosaurios\/","title":{"rendered":"207 \u2013 Dinosaurs and Wine Route"},"content":{"rendered":"","protected":false},"excerpt":{"rendered":"<p>Un programa que recorre los principales Valles productivos vitivin\u00edcolas de la Provincia de la Rioja, visitando sus bodegas, degustando sus mejores vinos, sus vi\u00f1edos, rodeados de monta\u00f1as, disfrutando de calmos atardeceres, de una buena cena acompa\u00f1ada de un buen vino y el silencio de la noche. Ademas el Valle del Bermejo, con sus Parques del Triasico, Talampaya y Valle de la luna en la Pcia. de San Juan.<\/p>\n<p>&nbsp;<\/p>","protected":false},"featured_media":14086,"comment_status":"open","ping_status":"closed","template":"","meta":{"_acf_changed":false,"_joinchat":[]},"product_brand":[],"product_cat":[15],"product_tag":[],"class_list":{"0":"post-14090","1":"product","2":"type-product","3":"status-publish","4":"has-post-thumbnail","6":"product_cat-paquetes","8":"first","9":"instock","10":"virtual","11":"sold-individually","12":"purchasable","13":"product-type-booking"},"acf":[],"_links":{"self":[{"href":"https:\/\/coronadelinca.com.ar\/en\/wp-json\/wp\/v2\/product\/14090","targetHints":{"allow":["GET"]}}],"collection":[{"href":"https:\/\/coronadelinca.com.ar\/en\/wp-json\/wp\/v2\/product"}],"about":[{"href":"https:\/\/coronadelinca.com.ar\/en\/wp-json\/wp\/v2\/types\/product"}],"replies":[{"embeddable":true,"href":"https:\/\/coronadelinca.com.ar\/en\/wp-json\/wp\/v2\/comments?post=14090"}],"wp:featuredmedia":[{"embeddable":true,"href":"https:\/\/coronadelinca.com.ar\/en\/wp-json\/wp\/v2\/media\/14086"}],"wp:attachment":[{"href":"https:\/\/coronadelinca.com.ar\/en\/wp-json\/wp\/v2\/media?parent=14090"}],"wp:term":[{"taxonomy":"product_brand","embeddable":true,"href":"https:\/\/coronadelinca.com.ar\/en\/wp-json\/wp\/v2\/product_brand?post=14090"},{"taxonomy":"product_cat","embeddable":true,"href":"https:\/\/coronadelinca.com.ar\/en\/wp-json\/wp\/v2\/product_cat?post=14090"},{"taxonomy":"product_tag","embeddable":true,"href":"https:\/\/coronadelinca.com.ar\/en\/wp-json\/wp\/v2\/product_tag?post=14090"}],"curies":[{"name":"wp","href":"https:\/\/api.w.org\/{rel}","templated":true}]}}