{"id":14121,"date":"2025-07-07T14:08:55","date_gmt":"2025-07-07T14:08:55","guid":{"rendered":"https:\/\/coronadelinca.com.ar\/?post_type=product&#038;p=14121"},"modified":"2026-01-07T13:47:19","modified_gmt":"2026-01-07T13:47:19","slug":"expedicion-al-gran-crater-corona-del-inca-programa-reducido","status":"publish","type":"product","link":"https:\/\/coronadelinca.com.ar\/en\/product\/expedicion-al-gran-crater-corona-del-inca-programa-reducido\/","title":{"rendered":"304 &#8211; Expedici\u00f3n Al Gran Crater Corona Del Inca &#8211; desde Villa Uni\u00f3n"},"content":{"rendered":"","protected":false},"excerpt":{"rendered":"<h4 data-start=\"327\" data-end=\"367\">Cordillera de los Andes \u2013 La Rioja<\/h4>\n<p data-start=\"368\" data-end=\"396\"><strong data-start=\"368\" data-end=\"396\">Regi\u00f3n NORTE \u2013 ARGENTINA<\/strong><\/p>\n<p data-start=\"398\" data-end=\"596\"><strong data-start=\"398\" data-end=\"453\">La m\u00e1xima aventura extrema a 5.500 metros de altura<\/strong>, en un escenario fascinante y surrealista.<br data-start=\"496\" data-end=\"499\" \/>Una experiencia \u00fanica e irrepetible en <strong data-start=\"538\" data-end=\"555\">veh\u00edculos 4\u00d74<\/strong>, donde vivir\u00e1s una traves\u00eda inolvidable.<\/p>\n<p data-start=\"598\" data-end=\"904\">En los confines de la Cordillera de los Andes, un vasto c\u00edrculo de volcanes \u2013entre ellos <strong data-start=\"687\" data-end=\"725\">El Bonete, El Veladero y El Pissis<\/strong>, los m\u00e1s altos del planeta\u2013 esconde un inmenso cr\u00e1ter a <strong data-start=\"782\" data-end=\"800\">5.500 m.s.n.m.<\/strong>, y en su interior\u2026<br data-start=\"819\" data-end=\"822\" \/>Una espectacular laguna de aguas azul profundo, alimentada por glaciares perennes.<\/p>\n<hr data-start=\"906\" data-end=\"909\" \/>\n<h4 data-start=\"911\" data-end=\"928\">Generalidades<\/h4>\n<h4 data-start=\"911\" data-end=\"928\"><span style=\"color: #333333; font-size: 16px;\">El <\/span><strong style=\"color: #333333; font-size: 16px;\" data-start=\"933\" data-end=\"959\">Cr\u00e1ter Corona del Inca<\/strong><span style=\"color: #333333; font-size: 16px;\"> es uno de los lugares m\u00e1s dif\u00edciles de alcanzar.<\/span><\/h4>\n<p data-start=\"930\" data-end=\"1139\">Solo es accesible <strong data-start=\"1029\" data-end=\"1070\">entre diciembre y principios de abril<\/strong>, ya que fuera de ese per\u00edodo los accesos est\u00e1n bloqueados por nieve.<\/p>\n<p data-start=\"1141\" data-end=\"1428\">Formamos grupos de <strong data-start=\"1160\" data-end=\"1181\">m\u00ednimo 6 personas<\/strong> y salimos con <strong data-start=\"1196\" data-end=\"1233\">al menos 2 camionetas 4\u00d74 propias<\/strong>, especialmente equipadas para sortear obst\u00e1culos como arena, barro, nieve o rocas.<br data-start=\"1316\" data-end=\"1319\" \/>Generalmente organizamos grupos de <strong data-start=\"1354\" data-end=\"1374\">10 a 16 personas<\/strong>, viajando con 3 o m\u00e1s veh\u00edculos para mayor seguridad.<\/p>\n<hr data-start=\"1430\" data-end=\"1433\" \/>\n<h4 data-start=\"1435\" data-end=\"1470\">Condiciones Clim\u00e1ticas Extremas<\/h4>\n<h3 data-start=\"1435\" data-end=\"1470\"><span style=\"color: #333333; font-size: 16px;\">En la zona de los volcanes, <\/span><strong style=\"color: #333333; font-size: 16px;\" data-start=\"1500\" data-end=\"1521\">incluso en verano<\/strong><span style=\"color: #333333; font-size: 16px;\">, el fr\u00edo es intenso.<\/span><\/h3>\n<p data-start=\"1472\" data-end=\"1680\">Las temperaturas oscilan entre <strong data-start=\"1576\" data-end=\"1593\">-5\u202f\u00b0C y +8\u202f\u00b0C<\/strong>, con vientos de <strong data-start=\"1610\" data-end=\"1626\">30 a 60 km\/h<\/strong>, generando una <strong data-start=\"1642\" data-end=\"1679\">sensaci\u00f3n t\u00e9rmica de hasta -20\u202f\u00b0C<\/strong>.<\/p>\n<p data-start=\"1682\" data-end=\"1771\">Es fundamental llevar <strong data-start=\"1704\" data-end=\"1729\">ropa t\u00e9rmica en capas<\/strong>, guantes, protector para cuello y cabeza.<\/p>\n<ul data-start=\"1773\" data-end=\"2107\">\n<li data-start=\"1773\" data-end=\"1814\">\n<p data-start=\"1775\" data-end=\"1814\"><strong data-start=\"1775\" data-end=\"1812\">No se admiten menores de 12 a\u00f1os.<\/strong><\/p>\n<\/li>\n<li data-start=\"1815\" data-end=\"1875\">\n<p data-start=\"1817\" data-end=\"1875\"><strong data-start=\"1817\" data-end=\"1873\">No es apta para personas mayores con salud delicada.<\/strong><\/p>\n<\/li>\n<li data-start=\"1876\" data-end=\"1956\">\n<p data-start=\"1878\" data-end=\"1956\">Es importante tener un <strong data-start=\"1901\" data-end=\"1928\">estado f\u00edsico saludable<\/strong> y tolerancia a la altura.<\/p>\n<\/li>\n<li data-start=\"1957\" data-end=\"2107\">\n<p data-start=\"1959\" data-end=\"2107\"><strong data-start=\"1959\" data-end=\"2023\">No deben participar personas con hipertensi\u00f3n o hipotensi\u00f3n.<\/strong><br data-start=\"2023\" data-end=\"2026\" \/>Consulte siempre a su m\u00e9dico si es apto para ascensos a m\u00e1s de <strong data-start=\"2089\" data-end=\"2107\">4.500 m.s.n.m.<\/strong><\/p>\n<\/li>\n<\/ul>\n<hr data-start=\"2109\" data-end=\"2112\" \/>\n<h4 data-start=\"2114\" data-end=\"2133\">Nota Importante<\/h4>\n<h4 data-start=\"2114\" data-end=\"2133\"><strong style=\"color: #333333; font-size: 16px;\" data-start=\"2135\" data-end=\"2159\">LA NATURALEZA MANDA:<\/strong><\/h4>\n<p data-start=\"2135\" data-end=\"2328\">El itinerario puede modificarse seg\u00fan las condiciones clim\u00e1ticas, derrumbes, tormentas o r\u00edos crecidos.<br data-start=\"2265\" data-end=\"2268\" \/>Tambi\u00e9n puede variar el orden de excursiones y alojamientos.<\/p>\n<p data-start=\"2330\" data-end=\"2535\"><strong data-start=\"2330\" data-end=\"2447\">El \u00e9xito de la expedici\u00f3n depender\u00e1 del estado f\u00edsico de los participantes y del clima reinante en la Cordillera.<\/strong><br data-start=\"2447\" data-end=\"2450\" \/>El arribo al cr\u00e1ter est\u00e1 asegurado siempre que las condiciones se mantengan estables.<\/p>\n<p data-start=\"2537\" data-end=\"2638\"><strong data-start=\"2537\" data-end=\"2580\">A partir de abril comienzan las nevadas<\/strong>, que pueden bloquear el acceso al cr\u00e1ter hasta diciembre.<\/p>","protected":false},"featured_media":14117,"comment_status":"open","ping_status":"closed","template":"","meta":{"_acf_changed":false,"_joinchat":[]},"product_brand":[],"product_cat":[240],"product_tag":[],"class_list":{"0":"post-14121","1":"product","2":"type-product","3":"status-publish","4":"has-post-thumbnail","6":"product_cat-aventuras","8":"first","9":"instock","10":"virtual","11":"sold-individually","12":"purchasable","13":"product-type-booking"},"acf":[],"_links":{"self":[{"href":"https:\/\/coronadelinca.com.ar\/en\/wp-json\/wp\/v2\/product\/14121","targetHints":{"allow":["GET"]}}],"collection":[{"href":"https:\/\/coronadelinca.com.ar\/en\/wp-json\/wp\/v2\/product"}],"about":[{"href":"https:\/\/coronadelinca.com.ar\/en\/wp-json\/wp\/v2\/types\/product"}],"replies":[{"embeddable":true,"href":"https:\/\/coronadelinca.com.ar\/en\/wp-json\/wp\/v2\/comments?post=14121"}],"wp:featuredmedia":[{"embeddable":true,"href":"https:\/\/coronadelinca.com.ar\/en\/wp-json\/wp\/v2\/media\/14117"}],"wp:attachment":[{"href":"https:\/\/coronadelinca.com.ar\/en\/wp-json\/wp\/v2\/media?parent=14121"}],"wp:term":[{"taxonomy":"product_brand","embeddable":true,"href":"https:\/\/coronadelinca.com.ar\/en\/wp-json\/wp\/v2\/product_brand?post=14121"},{"taxonomy":"product_cat","embeddable":true,"href":"https:\/\/coronadelinca.com.ar\/en\/wp-json\/wp\/v2\/product_cat?post=14121"},{"taxonomy":"product_tag","embeddable":true,"href":"https:\/\/coronadelinca.com.ar\/en\/wp-json\/wp\/v2\/product_tag?post=14121"}],"curies":[{"name":"wp","href":"https:\/\/api.w.org\/{rel}","templated":true}]}}