{"id":14123,"date":"2025-07-07T14:19:28","date_gmt":"2025-07-07T14:19:28","guid":{"rendered":"https:\/\/coronadelinca.com.ar\/?post_type=product&#038;p=14123"},"modified":"2026-01-02T00:13:38","modified_gmt":"2026-01-02T00:13:38","slug":"travesia-a-los-seismiles","status":"publish","type":"product","link":"https:\/\/coronadelinca.com.ar\/en\/product\/travesia-a-los-seismiles\/","title":{"rendered":"303 &#8211; Traves\u00eda a Los Seismiles"},"content":{"rendered":"","protected":false},"excerpt":{"rendered":"<h2>FASCINANTES LAGUNAS Y VOLCANES DEL ALTIPLANO, CATAMARCA<\/h2>\n<p>Operable de noviembre a abril.<\/p>\n<p>Esta regi\u00f3n de los Seismiles comparte escenario con bell\u00edsimas lagunas de diversos colores, siendo la Laguna Verde la mayor de ellas con un intenso color esmeralda al pie del majestuoso Monte Pissis, uno de los Volcanes m\u00e1s altos del Planeta de 6.882 m.s.n.m.<\/p>\n<p><strong>CONDICIONES CLIMATICAS EXTREMAS<\/strong>: En cordillera m\u00e1s espec\u00edficamente en la zona de los Volcanes el frio es intenso aun en verano, la temperatura oscila entre -5 (5 grados bajo cero) y +5 a +8 grados al mediod\u00eda, con vientos de 30 a 60 y 80 km\/hora, lo que lleva la sensaci\u00f3n t\u00e9rmica de -15 a -20 grados (bajo cero). El pasajero deber\u00e1 prever la indumentaria necesaria para ir agregando a medida que se sube a modo de capas tipo cebolla de menor a mayor, como as\u00ed tambi\u00e9n prever primera piel t\u00e9rmica, botas, guantes, cubre cuello y cabeza.\u00a0Esta Traves\u00eda NO es APTA para personas menores de 12 a\u00f1os, ni adultos mayores con salud delicada. No recomendable para pasajeros hipertensos ni hipotensos. Se debe consultar con su m\u00e9dico si es apto para ascensos a m\u00e1s de 4.500 msnm.<\/p>\n<p><strong>NOTA IMPORTANTE<\/strong>:<\/p>\n<p>LA NATURALEZA MANDA: El itinerario definitivo a realizar es a exclusiva decisi\u00f3n de La Empresa por cuanto a veces es necesario realizar cambios de \u00faltima hora seg\u00fan las condiciones clim\u00e1ticas reinantes en la regi\u00f3n, tormentas, derrumbes en las cuestas y r\u00edos crecidos que modifican el estado de los caminos y huellas a transitar, lo que tambi\u00e9n obliga a veces a alternar el orden de las excursiones y los alojamientos.<br \/>\nEl \u00e9xito de la expedici\u00f3n depender\u00e1 del estado general de las personas y de las condiciones clim\u00e1ticas reinantes en la Cordillera. Se asegura el itinerario completo mientras se mantengan condiciones clim\u00e1ticas estables en la alta Cordillera. A veces pueden desatarse tormentas de viento blanco que dificultan el normal desarrollo de la expedici\u00f3n, pueden acumular nieve y bloquear el acceso a determinados lugares obligando hacer reemplazo de algunos sitios por otros en compensaci\u00f3n.<\/p>","protected":false},"featured_media":14125,"comment_status":"open","ping_status":"closed","template":"","meta":{"_acf_changed":false,"_joinchat":[]},"product_brand":[],"product_cat":[240],"product_tag":[],"class_list":{"0":"post-14123","1":"product","2":"type-product","3":"status-publish","4":"has-post-thumbnail","6":"product_cat-aventuras","8":"first","9":"instock","10":"virtual","11":"sold-individually","12":"purchasable","13":"product-type-booking"},"acf":[],"_links":{"self":[{"href":"https:\/\/coronadelinca.com.ar\/en\/wp-json\/wp\/v2\/product\/14123","targetHints":{"allow":["GET"]}}],"collection":[{"href":"https:\/\/coronadelinca.com.ar\/en\/wp-json\/wp\/v2\/product"}],"about":[{"href":"https:\/\/coronadelinca.com.ar\/en\/wp-json\/wp\/v2\/types\/product"}],"replies":[{"embeddable":true,"href":"https:\/\/coronadelinca.com.ar\/en\/wp-json\/wp\/v2\/comments?post=14123"}],"wp:featuredmedia":[{"embeddable":true,"href":"https:\/\/coronadelinca.com.ar\/en\/wp-json\/wp\/v2\/media\/14125"}],"wp:attachment":[{"href":"https:\/\/coronadelinca.com.ar\/en\/wp-json\/wp\/v2\/media?parent=14123"}],"wp:term":[{"taxonomy":"product_brand","embeddable":true,"href":"https:\/\/coronadelinca.com.ar\/en\/wp-json\/wp\/v2\/product_brand?post=14123"},{"taxonomy":"product_cat","embeddable":true,"href":"https:\/\/coronadelinca.com.ar\/en\/wp-json\/wp\/v2\/product_cat?post=14123"},{"taxonomy":"product_tag","embeddable":true,"href":"https:\/\/coronadelinca.com.ar\/en\/wp-json\/wp\/v2\/product_tag?post=14123"}],"curies":[{"name":"wp","href":"https:\/\/api.w.org\/{rel}","templated":true}]}}