{"id":14135,"date":"2025-07-07T23:10:19","date_gmt":"2025-07-07T23:10:19","guid":{"rendered":"https:\/\/coronadelinca.com.ar\/?post_type=product&#038;p=14135"},"modified":"2026-03-17T00:04:10","modified_gmt":"2026-03-17T00:04:10","slug":"expedicion-volcanes-de-los-andes","status":"publish","type":"product","link":"https:\/\/coronadelinca.com.ar\/en\/product\/expedicion-volcanes-de-los-andes\/","title":{"rendered":"301 &#8211; Expedici\u00f3n Volcanes de los Andes"},"content":{"rendered":"","protected":false},"excerpt":{"rendered":"<h1>EXPEDICION\u00a0VOLCANES DE LOS ANDES<\/h1>\n<p>TEMPORADA VERANO: 2 (dos) salidas mensuales de enero a marzo. Salidas grupales con fechas prefijadas.<\/p>\n<h2>EXPEDICION AL CRATER CORONA DEL INCA Y A LOS SEISMILES<\/h2>\n<h3>FASCINANTES LAGUNAS Y VOLCANES DEL ALTIPLANO LA RIOJA y CATAMARCA (8 D\u00edas \u2013 7 Noches)<\/h3>\n<p>La m\u00e1xima aventura extrema a los 5.500 metros de altura en un escenario surrealista en la Cordillera de Los Andes. Una vasta regi\u00f3n andina de La Rioja y Catamarca alberga los Volcanes m\u00e1s altos del Planeta y entre ellos se esconden bell\u00edsimas lagunas de diversos colores y un inmenso y profundo cr\u00e1ter con una espectacular laguna de color azul intenso en su interior alimentada por grandes glaciares perennes. Una incre\u00edble aventura en 4\u00d74, una experiencia \u00fanica e irrepetible.<\/p>\n<p>UD. DEBE SABER:<\/p>\n<p><strong>CONDICIONES CLIMATICAS EXTREMAS:<\/strong> En cordillera m\u00e1s espec\u00edficamente en la zona de los Volcanes el frio es intenso aun en verano, la temperatura oscila entre -5 (5 grados bajo cero) y +5 a +8 grados al mediod\u00eda, con vientos de 30 a 60 y 80 km\/hora, lo que lleva la sensaci\u00f3n t\u00e9rmica de -15 a -20 grados (bajo cero). El pasajero deber\u00e1 prever la indumentaria necesaria para ir agregando a medida que se sube a modo de capas tipo cebolla de menor a mayor, como as\u00ed tambi\u00e9n prever primera piel t\u00e9rmica, botas, guantes, cubre cuello y cabeza.<\/p>\n<p>&nbsp;<\/p>\n<p>En esta Traves\u00eda NO SE ADMITEN menores de 12 a\u00f1os, NO ES APTA para adultos mayores con salud delicada. No recomendable para pasajeros hipertensos ni hipotensos. UD. debe consultar con su m\u00e9dico si es apto para ascensos a m\u00e1s de 4.500 msnm.<br \/>\nEl d\u00eda de subida al cr\u00e1ter es un d\u00eda largo y subimos muy alto hasta los 5.530 m.s.n.m., no es necesario experiencia previa, solo tener un estado f\u00edsico saludable y soportar la altura.<\/p>\n<p><strong>NOTA IMPORTANTE: LA NATURALEZA MANDA:<\/strong> El itinerario definitivo a realizar es a exclusiva decisi\u00f3n de La Empresa por cuanto a veces es necesario realizar cambios de \u00faltima hora seg\u00fan las condiciones clim\u00e1ticas reinantes en la regi\u00f3n, tormentas, derrumbes en las cuestas y r\u00edos crecidos que modifican el estado de los caminos y huellas a transitar, lo que tambi\u00e9n obliga a veces a alternar el orden de las excursiones y los alojamientos.<br \/>\nEl \u00e9xito de la expedici\u00f3n depender\u00e1 del estado general de las personas y de las condiciones clim\u00e1ticas reinantes en la Cordillera. Se asegura el itinerario completo mientras se mantengan condiciones clim\u00e1ticas estables en la alta Cordillera. A veces pueden desatarse tormentas de viento blanco que dificultan el normal desarrollo de la expedici\u00f3n, pueden acumular nieve y bloquear el acceso a determinados lugares obligando hacer reemplazo de algunos sitios por otros en compensaci\u00f3n.<\/p>","protected":false},"featured_media":14114,"comment_status":"open","ping_status":"closed","template":"","meta":{"_acf_changed":false,"_joinchat":[]},"product_brand":[],"product_cat":[240],"product_tag":[],"class_list":{"0":"post-14135","1":"product","2":"type-product","3":"status-publish","4":"has-post-thumbnail","6":"product_cat-aventuras","8":"first","9":"instock","10":"virtual","11":"sold-individually","12":"purchasable","13":"product-type-booking"},"acf":[],"_links":{"self":[{"href":"https:\/\/coronadelinca.com.ar\/en\/wp-json\/wp\/v2\/product\/14135","targetHints":{"allow":["GET"]}}],"collection":[{"href":"https:\/\/coronadelinca.com.ar\/en\/wp-json\/wp\/v2\/product"}],"about":[{"href":"https:\/\/coronadelinca.com.ar\/en\/wp-json\/wp\/v2\/types\/product"}],"replies":[{"embeddable":true,"href":"https:\/\/coronadelinca.com.ar\/en\/wp-json\/wp\/v2\/comments?post=14135"}],"wp:featuredmedia":[{"embeddable":true,"href":"https:\/\/coronadelinca.com.ar\/en\/wp-json\/wp\/v2\/media\/14114"}],"wp:attachment":[{"href":"https:\/\/coronadelinca.com.ar\/en\/wp-json\/wp\/v2\/media?parent=14135"}],"wp:term":[{"taxonomy":"product_brand","embeddable":true,"href":"https:\/\/coronadelinca.com.ar\/en\/wp-json\/wp\/v2\/product_brand?post=14135"},{"taxonomy":"product_cat","embeddable":true,"href":"https:\/\/coronadelinca.com.ar\/en\/wp-json\/wp\/v2\/product_cat?post=14135"},{"taxonomy":"product_tag","embeddable":true,"href":"https:\/\/coronadelinca.com.ar\/en\/wp-json\/wp\/v2\/product_tag?post=14135"}],"curies":[{"name":"wp","href":"https:\/\/api.w.org\/{rel}","templated":true}]}}