{"id":14136,"date":"2025-07-07T23:32:22","date_gmt":"2025-07-07T23:32:22","guid":{"rendered":"https:\/\/coronadelinca.com.ar\/?post_type=product&#038;p=14136"},"modified":"2026-01-07T14:48:42","modified_gmt":"2026-01-07T14:48:42","slug":"altiplano-andino","status":"publish","type":"product","link":"https:\/\/coronadelinca.com.ar\/en\/product\/altiplano-andino\/","title":{"rendered":"308 &#8211; Altiplano Andino"},"content":{"rendered":"","protected":false},"excerpt":{"rendered":"<p>DE LA RIOJA A CATAMARCA, SALTA Y JUJUY POR LA CORDILLERA DE LOS ANDES<\/p>\n<p>TIERRA DE VOLCANES, LAGUNAS Y SALARES<br \/>\n(8 Dias \u2013 7 Noches)<\/p>\n<p>Un programa diferente, \u00fanico por sus magn\u00edficos paisajes de altura. Desarrollado \u00edntegramente sobre la Cordillera de Los Andes en veh\u00edculos 4\u00d74, desde los pintorescos Valles entre los Cordones monta\u00f1osos de las Sierra del Velasco en la Provincia de La Rioja al extenso Altiplano Cordillerano en el Norte Argentino, con sus Lagunas de altura, blancos Salares y gigantescos Volcanes nevados con sus coladas de renegridas rocas bas\u00e1lticas, evidencia palpable de la gran actividad volc\u00e1nica que dio forma esta regi\u00f3n durante los \u00faltimos 60 millones de a\u00f1os<\/p>\n<p><a href=\"https:\/\/coronadelinca.com.ar\/en\/product\/ruta-del-altiplano-andino-y-los-salares\/\" target=\"_blank\" rel=\"noopener\"><span style=\"color: #0000ff;\">VER OTRAS OPCIONES DE PRECIOS EN SALIDA MENSUAL<\/span><\/a><\/p>","protected":false},"featured_media":14148,"comment_status":"open","ping_status":"closed","template":"","meta":{"_acf_changed":false,"_joinchat":[]},"product_brand":[],"product_cat":[240],"product_tag":[],"class_list":{"0":"post-14136","1":"product","2":"type-product","3":"status-publish","4":"has-post-thumbnail","6":"product_cat-aventuras","8":"first","9":"instock","10":"virtual","11":"sold-individually","12":"purchasable","13":"product-type-booking"},"acf":[],"_links":{"self":[{"href":"https:\/\/coronadelinca.com.ar\/en\/wp-json\/wp\/v2\/product\/14136","targetHints":{"allow":["GET"]}}],"collection":[{"href":"https:\/\/coronadelinca.com.ar\/en\/wp-json\/wp\/v2\/product"}],"about":[{"href":"https:\/\/coronadelinca.com.ar\/en\/wp-json\/wp\/v2\/types\/product"}],"replies":[{"embeddable":true,"href":"https:\/\/coronadelinca.com.ar\/en\/wp-json\/wp\/v2\/comments?post=14136"}],"wp:featuredmedia":[{"embeddable":true,"href":"https:\/\/coronadelinca.com.ar\/en\/wp-json\/wp\/v2\/media\/14148"}],"wp:attachment":[{"href":"https:\/\/coronadelinca.com.ar\/en\/wp-json\/wp\/v2\/media?parent=14136"}],"wp:term":[{"taxonomy":"product_brand","embeddable":true,"href":"https:\/\/coronadelinca.com.ar\/en\/wp-json\/wp\/v2\/product_brand?post=14136"},{"taxonomy":"product_cat","embeddable":true,"href":"https:\/\/coronadelinca.com.ar\/en\/wp-json\/wp\/v2\/product_cat?post=14136"},{"taxonomy":"product_tag","embeddable":true,"href":"https:\/\/coronadelinca.com.ar\/en\/wp-json\/wp\/v2\/product_tag?post=14136"}],"curies":[{"name":"wp","href":"https:\/\/api.w.org\/{rel}","templated":true}]}}