{"id":14151,"date":"2025-07-08T00:03:15","date_gmt":"2025-07-08T00:03:15","guid":{"rendered":"https:\/\/coronadelinca.com.ar\/?post_type=product&#038;p=14151"},"modified":"2026-01-07T14:47:15","modified_gmt":"2026-01-07T14:47:15","slug":"antofagasta-de-la-sierra-tierra-de-volcanes-y-salares","status":"publish","type":"product","link":"https:\/\/coronadelinca.com.ar\/en\/product\/antofagasta-de-la-sierra-tierra-de-volcanes-y-salares\/","title":{"rendered":"307 &#8211; Antofagasta de la Sierra, Tierra de Volcanes y Salares"},"content":{"rendered":"","protected":false},"excerpt":{"rendered":"<p>Un programa diferente, \u00fanico por sus magn\u00edficos paisajes de altura. Recorreremos la Costa Riojana, pintorescos pueblos al pie del Cord\u00f3n monta\u00f1oso de la Sierra del Velasco en la Provincia de La Rioja, parte de la Ruta 40, visitando el Shincal en Londres, Belen y su Quebrada y el extenso Altiplano Catamarque\u00f1o manchado de blancos Salares y Volcanes con coladas de renegridas rocas bas\u00e1lticas, evidencia palpable de la gran actividad volc\u00e1nica que azoto esta regi\u00f3n en los \u00faltimos 30 millones de a\u00f1os.<\/p>\n<p><span style=\"color: #0000ff;\"><a style=\"color: #0000ff;\" href=\"https:\/\/coronadelinca.com.ar\/en\/product\/antofagasta-de-la-sierra-tierra-de-volcanes-y-salares-2\/\" target=\"_blank\" rel=\"noopener\">VER OTRAS OPCIONES DE PRECIOS EN SALIDA MENSUAL<\/a><\/span><\/p>","protected":false},"featured_media":14146,"comment_status":"open","ping_status":"closed","template":"","meta":{"_acf_changed":false,"_joinchat":[]},"product_brand":[],"product_cat":[240],"product_tag":[],"class_list":{"0":"post-14151","1":"product","2":"type-product","3":"status-publish","4":"has-post-thumbnail","6":"product_cat-aventuras","8":"first","9":"instock","10":"virtual","11":"sold-individually","12":"purchasable","13":"product-type-booking"},"acf":[],"_links":{"self":[{"href":"https:\/\/coronadelinca.com.ar\/en\/wp-json\/wp\/v2\/product\/14151","targetHints":{"allow":["GET"]}}],"collection":[{"href":"https:\/\/coronadelinca.com.ar\/en\/wp-json\/wp\/v2\/product"}],"about":[{"href":"https:\/\/coronadelinca.com.ar\/en\/wp-json\/wp\/v2\/types\/product"}],"replies":[{"embeddable":true,"href":"https:\/\/coronadelinca.com.ar\/en\/wp-json\/wp\/v2\/comments?post=14151"}],"wp:featuredmedia":[{"embeddable":true,"href":"https:\/\/coronadelinca.com.ar\/en\/wp-json\/wp\/v2\/media\/14146"}],"wp:attachment":[{"href":"https:\/\/coronadelinca.com.ar\/en\/wp-json\/wp\/v2\/media?parent=14151"}],"wp:term":[{"taxonomy":"product_brand","embeddable":true,"href":"https:\/\/coronadelinca.com.ar\/en\/wp-json\/wp\/v2\/product_brand?post=14151"},{"taxonomy":"product_cat","embeddable":true,"href":"https:\/\/coronadelinca.com.ar\/en\/wp-json\/wp\/v2\/product_cat?post=14151"},{"taxonomy":"product_tag","embeddable":true,"href":"https:\/\/coronadelinca.com.ar\/en\/wp-json\/wp\/v2\/product_tag?post=14151"}],"curies":[{"name":"wp","href":"https:\/\/api.w.org\/{rel}","templated":true}]}}