{"id":14163,"date":"2025-07-10T15:07:17","date_gmt":"2025-07-10T15:07:17","guid":{"rendered":"https:\/\/coronadelinca.com.ar\/?post_type=product&#038;p=14163"},"modified":"2026-02-23T15:57:27","modified_gmt":"2026-02-23T15:57:27","slug":"talampaya-ischigualasto-2","status":"publish","type":"product","link":"https:\/\/coronadelinca.com.ar\/en\/product\/talampaya-ischigualasto-2\/","title":{"rendered":"403 &#8211; Talampaya &#8211; Ischigualasto"},"content":{"rendered":"","protected":false},"excerpt":{"rendered":"<p><strong>FECHAS DE SALIDA 2026:<\/strong>\u00a0 02, 09, 16, 23 y 30 de enero \u2013 06, 13, 20 y 27 de febrero \u2013 06, 13, 20 y 27 de marzo \u2013 03, 10, 17 y 24 de abril \u2013 01, 08, 15, 22 y 29 de mayo \u2013 05, 12, 19 y 26 de junio \u2013 03, 10, 17, 24 y 31 de julio \u2013 07, 14, 21 y 28 de agosto \u2013 11, 18 y 25 de septiembre \u2013 02, 09, 16, 23 y 30 de octubre \u2013 06, 13, 20 y 27 de noviembre \u2013 \u00a004, 11 y 18 de diciembre.<\/p>\n<hr \/>\n<table width=\"660\">\n<tbody>\n<tr>\n<td width=\"244\"><strong>TARIFAS por persona, con Hoteles en: La Rioja<\/strong><\/td>\n<td width=\"85\"><strong>DBL \/ TPL<\/strong><\/td>\n<td width=\"76\"><strong>SGL<\/strong><\/td>\n<\/tr>\n<tr>\n<td width=\"244\"><strong>Op.1) &#8211; <\/strong>Avenida 2* o similar<\/td>\n<td width=\"85\">\n<table border=\"0\" width=\"85\" cellspacing=\"0\" cellpadding=\"0\">\n<colgroup>\n<col width=\"85\" \/><\/colgroup>\n<tbody>\n<tr>\n<td class=\"xl65\" align=\"right\" width=\"85\" height=\"16\">$ 348.855<\/td>\n<\/tr>\n<\/tbody>\n<\/table>\n<\/td>\n<td width=\"76\">\n<table border=\"0\" width=\"85\" cellspacing=\"0\" cellpadding=\"0\">\n<colgroup>\n<col width=\"85\" \/><\/colgroup>\n<tbody>\n<tr>\n<td class=\"xl65\" align=\"right\" width=\"85\" height=\"16\">$ 435.213<\/td>\n<\/tr>\n<\/tbody>\n<\/table>\n<\/td>\n<\/tr>\n<tr>\n<td width=\"244\"><strong>Op.2) &#8211; <\/strong>Plaza Hotel Hab. Std 3*<\/td>\n<td width=\"85\">\n<table border=\"0\" width=\"85\" cellspacing=\"0\" cellpadding=\"0\">\n<colgroup>\n<col width=\"85\" \/><\/colgroup>\n<tbody>\n<tr>\n<td class=\"xl65\" align=\"right\" width=\"85\" height=\"16\">$ 388.332<\/td>\n<\/tr>\n<\/tbody>\n<\/table>\n<\/td>\n<td width=\"76\">\n<table border=\"0\" width=\"85\" cellspacing=\"0\" cellpadding=\"0\">\n<colgroup>\n<col width=\"85\" \/><\/colgroup>\n<tbody>\n<tr>\n<td class=\"xl65\" align=\"right\" width=\"85\" height=\"16\">$ 548.712<\/td>\n<\/tr>\n<\/tbody>\n<\/table>\n<\/td>\n<\/tr>\n<tr>\n<td width=\"244\"><strong>Op.3) &#8211; <\/strong>Plaza Hotel Hab. Sup 4*<\/td>\n<td width=\"85\">\n<table border=\"0\" width=\"85\" cellspacing=\"0\" cellpadding=\"0\">\n<colgroup>\n<col width=\"85\" \/><\/colgroup>\n<tbody>\n<tr>\n<td class=\"xl65\" align=\"right\" width=\"85\" height=\"16\">$ 413.006<\/td>\n<\/tr>\n<\/tbody>\n<\/table>\n<\/td>\n<td width=\"76\">\n<table border=\"0\" width=\"85\" cellspacing=\"0\" cellpadding=\"0\">\n<colgroup>\n<col width=\"85\" \/><\/colgroup>\n<tbody>\n<tr>\n<td class=\"xl65\" align=\"right\" width=\"85\" height=\"16\">$ 598.059<\/td>\n<\/tr>\n<\/tbody>\n<\/table>\n<\/td>\n<\/tr>\n<tr>\n<td width=\"244\"><strong>Op.4) &#8211; <\/strong>Naindo Park Hotel 5*<\/td>\n<td width=\"85\">\n<table border=\"0\" width=\"85\" cellspacing=\"0\" cellpadding=\"0\">\n<colgroup>\n<col width=\"85\" \/><\/colgroup>\n<tbody>\n<tr>\n<td class=\"xl65\" align=\"right\" width=\"85\" height=\"16\">$ 610.396<\/td>\n<\/tr>\n<\/tbody>\n<\/table>\n<\/td>\n<td width=\"76\">\n<table border=\"0\" width=\"85\" cellspacing=\"0\" cellpadding=\"0\">\n<colgroup>\n<col width=\"85\" \/><\/colgroup>\n<tbody>\n<tr>\n<td class=\"xl65\" align=\"right\" width=\"85\" height=\"16\">$ 896.611<\/td>\n<\/tr>\n<\/tbody>\n<\/table>\n<\/td>\n<\/tr>\n<\/tbody>\n<\/table>\n<hr \/>\n<p>Tarifas por persona \u2013 Incluyen Servicios terrestres con Chofer-Gu\u00eda habla espa\u00f1ol y Alojamiento c\/desayuno.<\/p>\n<p>Tarifas validas <b>al 30 de Junio 2026<\/b><\/p>\n<p>Se indican los hoteles asignados a cada Programa. Cualquier hotel, tanto previsto como confirmado podr\u00e1 cambiarse por otro similar en cualquier momento, incluso durante el viaje por motivos operativos y\/o disponibilidad.<\/p>\n<p>El <strong>orden de las excursiones podr\u00e1 alternarse<\/strong> en caso de ser necesario para un mejor desarrollo del programa a exclusiva decisi\u00f3n de la Empresa.<\/p>\n<p>Salidas sujetas a formaci\u00f3n de grupo. Salidas garantizadas con base m\u00ednima 2 pax. <strong>Pasajero en single, consultar previamente si la salida est\u00e1 confirmada.<\/strong><\/p>","protected":false},"featured_media":14172,"comment_status":"open","ping_status":"closed","template":"","meta":{"_acf_changed":false,"_joinchat":[]},"product_brand":[],"product_cat":[278],"product_tag":[],"class_list":{"0":"post-14163","1":"product","2":"type-product","3":"status-publish","4":"has-post-thumbnail","6":"product_cat-salidas-2026","8":"first","9":"instock","10":"sold-individually","11":"shipping-taxable","12":"purchasable","13":"product-type-booking"},"acf":[],"_links":{"self":[{"href":"https:\/\/coronadelinca.com.ar\/en\/wp-json\/wp\/v2\/product\/14163","targetHints":{"allow":["GET"]}}],"collection":[{"href":"https:\/\/coronadelinca.com.ar\/en\/wp-json\/wp\/v2\/product"}],"about":[{"href":"https:\/\/coronadelinca.com.ar\/en\/wp-json\/wp\/v2\/types\/product"}],"replies":[{"embeddable":true,"href":"https:\/\/coronadelinca.com.ar\/en\/wp-json\/wp\/v2\/comments?post=14163"}],"wp:featuredmedia":[{"embeddable":true,"href":"https:\/\/coronadelinca.com.ar\/en\/wp-json\/wp\/v2\/media\/14172"}],"wp:attachment":[{"href":"https:\/\/coronadelinca.com.ar\/en\/wp-json\/wp\/v2\/media?parent=14163"}],"wp:term":[{"taxonomy":"product_brand","embeddable":true,"href":"https:\/\/coronadelinca.com.ar\/en\/wp-json\/wp\/v2\/product_brand?post=14163"},{"taxonomy":"product_cat","embeddable":true,"href":"https:\/\/coronadelinca.com.ar\/en\/wp-json\/wp\/v2\/product_cat?post=14163"},{"taxonomy":"product_tag","embeddable":true,"href":"https:\/\/coronadelinca.com.ar\/en\/wp-json\/wp\/v2\/product_tag?post=14163"}],"curies":[{"name":"wp","href":"https:\/\/api.w.org\/{rel}","templated":true}]}}