{"id":14212,"date":"2025-07-10T23:42:17","date_gmt":"2025-07-10T23:42:17","guid":{"rendered":"https:\/\/coronadelinca.com.ar\/?post_type=product&#038;p=14212"},"modified":"2026-02-21T00:19:02","modified_gmt":"2026-02-21T00:19:02","slug":"ruta-de-los-seismiles-2","status":"publish","type":"product","link":"https:\/\/coronadelinca.com.ar\/en\/product\/ruta-de-los-seismiles-2\/","title":{"rendered":"407 \u2013 The Six-thousands Route"},"content":{"rendered":"","protected":false},"excerpt":{"rendered":"<p><strong>FECHAS DE SALIDA 2026: <\/strong>4 y 18 de enero &#8211; 1 y 15 de febrero \u2013 1 y 15 de marzo &#8211; 12 de abril \u2013 10 de mayo \u2013 7 de junio \u2013 5 de julio \u2013 2 y 30 de agosto \u2013 27 de septiembre \u2013 25 de octubre \u2013 22 de noviembre.<\/p>\n<hr \/>\n<table width=\"623\">\n<tbody>\n<tr>\n<th>TARIFAS por persona, con Hoteles en: La Rioja \/ Fiambala<\/th>\n<th>DBL \/ TPL<\/th>\n<th>SGL<\/th>\n<\/tr>\n<tr>\n<td><strong> Op.1) &#8211; <\/strong>Avenida 2*\/JR o similares<\/td>\n<td>\n<table border=\"0\" width=\"85\" cellspacing=\"0\" cellpadding=\"0\">\n<colgroup>\n<col width=\"85\" \/><\/colgroup>\n<tbody>\n<tr>\n<td class=\"xl65\" align=\"right\" width=\"85\" height=\"19\">$ 884.652<\/td>\n<\/tr>\n<\/tbody>\n<\/table>\n<\/td>\n<td>\n<table border=\"0\" width=\"85\" cellspacing=\"0\" cellpadding=\"0\">\n<colgroup>\n<col width=\"85\" \/><\/colgroup>\n<tbody>\n<tr>\n<td class=\"xl65\" align=\"right\" width=\"85\" height=\"19\">$ 983.347<\/td>\n<\/tr>\n<\/tbody>\n<\/table>\n<\/td>\n<\/tr>\n<tr>\n<td><strong>Op.2) &#8211; <\/strong>Plaza Hotel H.Std\/Casona del Pino o similares<\/td>\n<td>\n<table border=\"0\" width=\"85\" cellspacing=\"0\" cellpadding=\"0\">\n<colgroup>\n<col width=\"85\" \/><\/colgroup>\n<tbody>\n<tr>\n<td class=\"xl65\" align=\"right\" width=\"85\" height=\"19\">$ 1.040.714<\/td>\n<\/tr>\n<\/tbody>\n<\/table>\n<\/td>\n<td>\n<table border=\"0\" width=\"85\" cellspacing=\"0\" cellpadding=\"0\">\n<colgroup>\n<col width=\"85\" \/><\/colgroup>\n<tbody>\n<tr>\n<td class=\"xl65\" align=\"right\" width=\"85\" height=\"19\">$ 1.421.306<\/td>\n<\/tr>\n<\/tbody>\n<\/table>\n<\/td>\n<\/tr>\n<tr>\n<td><strong>Op.3) &#8211; <\/strong>Plaza Hotel H.Sup 4*\/La Ramadita o similares<\/td>\n<td>\n<table border=\"0\" width=\"85\" cellspacing=\"0\" cellpadding=\"0\">\n<colgroup>\n<col width=\"85\" \/><\/colgroup>\n<tbody>\n<tr>\n<td class=\"xl65\" align=\"right\" width=\"85\" height=\"19\">$ 1.057.163<\/td>\n<\/tr>\n<\/tbody>\n<\/table>\n<\/td>\n<td>\n<table border=\"0\" width=\"85\" cellspacing=\"0\" cellpadding=\"0\">\n<colgroup>\n<col width=\"85\" \/><\/colgroup>\n<tbody>\n<tr>\n<td class=\"xl65\" align=\"right\" width=\"85\" height=\"19\">$ 1.454.204<\/td>\n<\/tr>\n<\/tbody>\n<\/table>\n<\/td>\n<\/tr>\n<tr>\n<td><strong>Op.4) &#8211; <\/strong>Naindo Park Hotel 5*\/La Ramadita o similares<\/td>\n<td>\n<table border=\"0\" width=\"85\" cellspacing=\"0\" cellpadding=\"0\">\n<colgroup>\n<col width=\"85\" \/><\/colgroup>\n<tbody>\n<tr>\n<td class=\"xl65\" align=\"right\" width=\"85\" height=\"16\">$ 1.188.756<\/td>\n<\/tr>\n<\/tbody>\n<\/table>\n<\/td>\n<td>\n<table border=\"0\" width=\"85\" cellspacing=\"0\" cellpadding=\"0\">\n<colgroup>\n<col width=\"85\" \/><\/colgroup>\n<tbody>\n<tr>\n<td class=\"xl65\" align=\"right\" width=\"85\" height=\"16\">$ 1.653.239<\/td>\n<\/tr>\n<\/tbody>\n<\/table>\n<\/td>\n<\/tr>\n<\/tbody>\n<\/table>\n<hr \/>\n<p>Tarifas por persona \u2013 Incluyen Servicios terrestres con Chofer-Gu\u00eda habla espa\u00f1ol y Alojamiento c\/desayuno.<\/p>\n<p>Tarifas validas <b>al 30 de Junio 2026<\/b><\/p>\n<p>Se indican los hoteles asignados a cada Programa. Cualquier hotel, tanto previsto como confirmado podr\u00e1 cambiarse por otro similar en cualquier momento, incluso durante el viaje por motivos operativos y\/o disponibilidad.<\/p>\n<p>El <strong>orden de las excursiones podr\u00e1 alternarse<\/strong> en caso de ser necesario para un mejor desarrollo del programa a exclusiva decisi\u00f3n de la Empresa.<\/p>\n<p>Salidas sujetas a formaci\u00f3n de grupo. Salidas garantizadas con base m\u00ednima 2 pax. <strong>Pasajero en single, consultar previamente si la salida est\u00e1 confirmada.<\/strong><\/p>","protected":false},"featured_media":14281,"comment_status":"open","ping_status":"closed","template":"","meta":{"_acf_changed":false,"_joinchat":[]},"product_brand":[],"product_cat":[278],"product_tag":[],"class_list":{"0":"post-14212","1":"product","2":"type-product","3":"status-publish","4":"has-post-thumbnail","6":"product_cat-salidas-2026","8":"first","9":"instock","10":"virtual","11":"sold-individually","12":"purchasable","13":"product-type-booking"},"acf":[],"_links":{"self":[{"href":"https:\/\/coronadelinca.com.ar\/en\/wp-json\/wp\/v2\/product\/14212","targetHints":{"allow":["GET"]}}],"collection":[{"href":"https:\/\/coronadelinca.com.ar\/en\/wp-json\/wp\/v2\/product"}],"about":[{"href":"https:\/\/coronadelinca.com.ar\/en\/wp-json\/wp\/v2\/types\/product"}],"replies":[{"embeddable":true,"href":"https:\/\/coronadelinca.com.ar\/en\/wp-json\/wp\/v2\/comments?post=14212"}],"wp:featuredmedia":[{"embeddable":true,"href":"https:\/\/coronadelinca.com.ar\/en\/wp-json\/wp\/v2\/media\/14281"}],"wp:attachment":[{"href":"https:\/\/coronadelinca.com.ar\/en\/wp-json\/wp\/v2\/media?parent=14212"}],"wp:term":[{"taxonomy":"product_brand","embeddable":true,"href":"https:\/\/coronadelinca.com.ar\/en\/wp-json\/wp\/v2\/product_brand?post=14212"},{"taxonomy":"product_cat","embeddable":true,"href":"https:\/\/coronadelinca.com.ar\/en\/wp-json\/wp\/v2\/product_cat?post=14212"},{"taxonomy":"product_tag","embeddable":true,"href":"https:\/\/coronadelinca.com.ar\/en\/wp-json\/wp\/v2\/product_tag?post=14212"}],"curies":[{"name":"wp","href":"https:\/\/api.w.org\/{rel}","templated":true}]}}