{"id":14221,"date":"2025-07-11T14:09:56","date_gmt":"2025-07-11T14:09:56","guid":{"rendered":"https:\/\/coronadelinca.com.ar\/?post_type=product&#038;p=14221"},"modified":"2026-02-23T15:51:07","modified_gmt":"2026-02-23T15:51:07","slug":"ruta-de-los-volcanes-de-la-rioja","status":"publish","type":"product","link":"https:\/\/coronadelinca.com.ar\/en\/product\/ruta-de-los-volcanes-de-la-rioja\/","title":{"rendered":"406 \u2013 La Rioja's Volcanoes Route"},"content":{"rendered":"","protected":false},"excerpt":{"rendered":"<p><strong>FECHAS DE SALIDA 2026<\/strong>: 6 y 20 de enero &#8211; 3 y 17 de febrero \u2013 3 y 17 de marzo &#8211; 14 de abril \u2013 12 de mayo \u2013 9 de junio \u2013 7 de julio \u2013 4 de agosto \u2013 1 y 29 de septiembre \u2013 27 de octubre \u2013 24 de noviembre.<\/p>\n<hr \/>\n<table width=\"680\">\n<tbody>\n<tr>\n<th>TARIFAS por persona, con Hoteles en: La Rioja \/ Chilecito \/ Villa Uni\u00f3n<\/th>\n<th>DBL \/ TPL<\/th>\n<th>SGL<\/th>\n<\/tr>\n<tr>\n<td><strong>Op.1) &#8211; <\/strong>Avenida 2\u00b0 \/ Las Marias \/ Don Remo o similares<\/td>\n<td>\n<table border=\"0\" width=\"85\" cellspacing=\"0\" cellpadding=\"0\">\n<colgroup>\n<col width=\"85\" \/><\/colgroup>\n<tbody>\n<tr>\n<td class=\"xl65\" align=\"right\" width=\"85\" height=\"19\">$ 946.336<\/td>\n<\/tr>\n<\/tbody>\n<\/table>\n<\/td>\n<td>\n<table border=\"0\" width=\"85\" cellspacing=\"0\" cellpadding=\"0\">\n<colgroup>\n<col width=\"85\" \/><\/colgroup>\n<tbody>\n<tr>\n<td class=\"xl65\" align=\"right\" width=\"85\" height=\"19\">$ 1.082.041<\/td>\n<\/tr>\n<\/tbody>\n<\/table>\n<\/td>\n<\/tr>\n<tr>\n<td><strong>Op.2) &#8211; <\/strong>Plaza Hotel H.Std 4*\/Las Marias\/ Cuesta de Miranda<\/td>\n<td>\n<table border=\"0\" width=\"85\" cellspacing=\"0\" cellpadding=\"0\">\n<colgroup>\n<col width=\"85\" \/><\/colgroup>\n<tbody>\n<tr>\n<td class=\"xl65\" align=\"right\" width=\"85\" height=\"19\">$ 1.053.872<\/td>\n<\/tr>\n<\/tbody>\n<\/table>\n<\/td>\n<td>\n<table border=\"0\" width=\"85\" cellspacing=\"0\" cellpadding=\"0\">\n<colgroup>\n<col width=\"85\" \/><\/colgroup>\n<tbody>\n<tr>\n<td class=\"xl65\" align=\"right\" width=\"85\" height=\"19\">$ 1.336.592<\/td>\n<\/tr>\n<\/tbody>\n<\/table>\n<\/td>\n<\/tr>\n<tr>\n<td><strong>Op.3) &#8211; <\/strong>Plaza Hotel H.Sup 4*\/Las Marias\/ Pircas Negras<\/td>\n<td>\n<table border=\"0\" width=\"85\" cellspacing=\"0\" cellpadding=\"0\">\n<colgroup>\n<col width=\"85\" \/><\/colgroup>\n<tbody>\n<tr>\n<td class=\"xl65\" align=\"right\" width=\"85\" height=\"19\">$ 1.180.530<\/td>\n<\/tr>\n<\/tbody>\n<\/table>\n<\/td>\n<td>\n<table border=\"0\" width=\"85\" cellspacing=\"0\" cellpadding=\"0\">\n<colgroup>\n<col width=\"85\" \/><\/colgroup>\n<tbody>\n<tr>\n<td class=\"xl65\" align=\"right\" width=\"85\" height=\"19\">$ 1.622.807<\/td>\n<\/tr>\n<\/tbody>\n<\/table>\n<\/td>\n<\/tr>\n<tr>\n<td><strong>Op.4) &#8211;<\/strong> Naindo Park Hotel 5*\/Las Marias\/ Pircas Negras<\/td>\n<td>\n<table border=\"0\" width=\"85\" cellspacing=\"0\" cellpadding=\"0\">\n<colgroup>\n<col width=\"85\" \/><\/colgroup>\n<tbody>\n<tr>\n<td class=\"xl65\" align=\"right\" width=\"85\" height=\"16\">$ 1.312.124<\/td>\n<\/tr>\n<\/tbody>\n<\/table>\n<\/td>\n<td>\n<table border=\"0\" width=\"85\" cellspacing=\"0\" cellpadding=\"0\">\n<colgroup>\n<col width=\"85\" \/><\/colgroup>\n<tbody>\n<tr>\n<td class=\"xl65\" align=\"right\" width=\"85\" height=\"16\">$ 1.821.842<\/td>\n<\/tr>\n<\/tbody>\n<\/table>\n<\/td>\n<\/tr>\n<\/tbody>\n<\/table>\n<hr \/>\n<p>Tarifas por persona \u2013 Incluyen Servicios terrestres con Chofer-Gu\u00eda habla espa\u00f1ol y Alojamiento c\/desayuno.<\/p>\n<p>Tarifas validas al <strong>30 de Junio<\/strong>\u00a0<strong>2026<\/strong><\/p>\n<p>Se indican los hoteles asignados a cada Programa. Cualquier hotel, tanto previsto como confirmado podr\u00e1 cambiarse por otro similar en cualquier momento, incluso durante el viaje por motivos operativos y\/o disponibilidad.<\/p>\n<p>El <strong>orden de las excursiones podr\u00e1 alternarse<\/strong> en caso de ser necesario para un mejor desarrollo del programa a exclusiva decisi\u00f3n de la Empresa.<\/p>\n<p>Salidas sujetas a formaci\u00f3n de grupo. Salidas garantizadas con base m\u00ednima 2 pax. <strong>Pasajero en single, consultar previamente si la salida est\u00e1 confirmada.<\/strong><\/p>","protected":false},"featured_media":14230,"comment_status":"open","ping_status":"closed","template":"","meta":{"_acf_changed":false,"_joinchat":[]},"product_brand":[],"product_cat":[278],"product_tag":[],"class_list":{"0":"post-14221","1":"product","2":"type-product","3":"status-publish","4":"has-post-thumbnail","6":"product_cat-salidas-2026","8":"first","9":"instock","10":"virtual","11":"sold-individually","12":"purchasable","13":"product-type-booking"},"acf":[],"_links":{"self":[{"href":"https:\/\/coronadelinca.com.ar\/en\/wp-json\/wp\/v2\/product\/14221","targetHints":{"allow":["GET"]}}],"collection":[{"href":"https:\/\/coronadelinca.com.ar\/en\/wp-json\/wp\/v2\/product"}],"about":[{"href":"https:\/\/coronadelinca.com.ar\/en\/wp-json\/wp\/v2\/types\/product"}],"replies":[{"embeddable":true,"href":"https:\/\/coronadelinca.com.ar\/en\/wp-json\/wp\/v2\/comments?post=14221"}],"wp:featuredmedia":[{"embeddable":true,"href":"https:\/\/coronadelinca.com.ar\/en\/wp-json\/wp\/v2\/media\/14230"}],"wp:attachment":[{"href":"https:\/\/coronadelinca.com.ar\/en\/wp-json\/wp\/v2\/media?parent=14221"}],"wp:term":[{"taxonomy":"product_brand","embeddable":true,"href":"https:\/\/coronadelinca.com.ar\/en\/wp-json\/wp\/v2\/product_brand?post=14221"},{"taxonomy":"product_cat","embeddable":true,"href":"https:\/\/coronadelinca.com.ar\/en\/wp-json\/wp\/v2\/product_cat?post=14221"},{"taxonomy":"product_tag","embeddable":true,"href":"https:\/\/coronadelinca.com.ar\/en\/wp-json\/wp\/v2\/product_tag?post=14221"}],"curies":[{"name":"wp","href":"https:\/\/api.w.org\/{rel}","templated":true}]}}