{"id":14245,"date":"2025-07-11T15:43:28","date_gmt":"2025-07-11T15:43:28","guid":{"rendered":"https:\/\/coronadelinca.com.ar\/?post_type=product&#038;p=14245"},"modified":"2026-02-23T15:49:30","modified_gmt":"2026-02-23T15:49:30","slug":"ruta-del-altiplano-andino-y-los-salares","status":"publish","type":"product","link":"https:\/\/coronadelinca.com.ar\/en\/product\/ruta-del-altiplano-andino-y-los-salares\/","title":{"rendered":"409 \u2013 Andean Highlands and Salt Flats"},"content":{"rendered":"","protected":false},"excerpt":{"rendered":"<p><strong>FECHAS DE SALIDA 2026: <\/strong>29 de marzo &#8211; 26 de abril \u2013 24 de mayo \u2013 21 de junio \u2013 16 de agosto &#8211; 13 de septiembre \u2013 11 de octubre \u2013 8 de noviembre \u2013 6 de diciembre.<\/p>\n<p><span style=\"text-decoration: underline;\"><em><strong>Programa\u00a0<\/strong><b>reversible, puede comenzar en La Rioja o en Salta.<\/b><\/em><\/span><\/p>\n<hr \/>\n<table width=\"642\">\n<tbody>\n<tr>\n<td width=\"265\"><strong>TARIFAS por persona, con Hoteles en:<\/strong><\/td>\n<td width=\"65\"><strong>DBL \/ TPL<\/strong><\/td>\n<td width=\"60\"><strong>SGL<\/strong><\/td>\n<\/tr>\n<tr>\n<td rowspan=\"4\" width=\"265\">La Rioja: Naindo Park Hotel; El Pe\u00f1\u00f3n: Host. La P\u00f3mez; Antofagasta: Host. Municipal; Tolar Grande: Casa Andina\/Red Likan; San Antonio de Los Cobres: Hoster\u00eda de Las Nubes; Tilcara: Alas del alma\/Pueblo Andino y Salta: Amerian\/Casa Magno o similares<\/td>\n<\/tr>\n<tr>\n<td width=\"65\">\n<table border=\"0\" width=\"85\" cellspacing=\"0\" cellpadding=\"0\">\n<colgroup>\n<col width=\"85\" \/><\/colgroup>\n<tbody>\n<tr>\n<td class=\"xl65\" align=\"right\" width=\"85\" height=\"19\">$ 2.090.963<\/td>\n<\/tr>\n<\/tbody>\n<\/table>\n<\/td>\n<td width=\"60\">\n<table border=\"0\" width=\"85\" cellspacing=\"0\" cellpadding=\"0\">\n<colgroup>\n<col width=\"85\" \/><\/colgroup>\n<tbody>\n<tr>\n<td class=\"xl65\" align=\"right\" width=\"85\" height=\"19\">$ 2.763.239<\/td>\n<\/tr>\n<\/tbody>\n<\/table>\n<\/td>\n<\/tr>\n<\/tbody>\n<\/table>\n<hr \/>\n<p>Tarifas por persona \u2013 Incluyen Servicios terrestres con Chofer-Gu\u00eda habla espa\u00f1ol y Alojamiento c\/desayuno.<\/p>\n<p>Tarifas validas <strong>al 30 de Junio<\/strong>\u00a0<strong>2026<\/strong><\/p>\n<p>Se indican los hoteles asignados a cada Programa. Cualquier hotel, tanto previsto como confirmado podr\u00e1 cambiarse por otro similar en cualquier momento, incluso durante el viaje por motivos operativos y\/o disponibilidad.<\/p>\n<p>El <strong>orden de las excursiones podr\u00e1 alternarse<\/strong> en caso de ser necesario para un mejor desarrollo del programa a exclusiva decisi\u00f3n de la Empresa.<\/p>\n<p>Salidas sujetas a formaci\u00f3n de grupo. Salidas garantizadas con base m\u00ednima 2 pax. <strong>Pasajero en single, consultar previamente si la salida est\u00e1 confirmada.<\/strong><\/p>","protected":false},"featured_media":14249,"comment_status":"open","ping_status":"closed","template":"","meta":{"_acf_changed":false,"_joinchat":[]},"product_brand":[],"product_cat":[278],"product_tag":[],"class_list":{"0":"post-14245","1":"product","2":"type-product","3":"status-publish","4":"has-post-thumbnail","6":"product_cat-salidas-2026","8":"first","9":"instock","10":"virtual","11":"sold-individually","12":"purchasable","13":"product-type-booking"},"acf":[],"_links":{"self":[{"href":"https:\/\/coronadelinca.com.ar\/en\/wp-json\/wp\/v2\/product\/14245","targetHints":{"allow":["GET"]}}],"collection":[{"href":"https:\/\/coronadelinca.com.ar\/en\/wp-json\/wp\/v2\/product"}],"about":[{"href":"https:\/\/coronadelinca.com.ar\/en\/wp-json\/wp\/v2\/types\/product"}],"replies":[{"embeddable":true,"href":"https:\/\/coronadelinca.com.ar\/en\/wp-json\/wp\/v2\/comments?post=14245"}],"wp:featuredmedia":[{"embeddable":true,"href":"https:\/\/coronadelinca.com.ar\/en\/wp-json\/wp\/v2\/media\/14249"}],"wp:attachment":[{"href":"https:\/\/coronadelinca.com.ar\/en\/wp-json\/wp\/v2\/media?parent=14245"}],"wp:term":[{"taxonomy":"product_brand","embeddable":true,"href":"https:\/\/coronadelinca.com.ar\/en\/wp-json\/wp\/v2\/product_brand?post=14245"},{"taxonomy":"product_cat","embeddable":true,"href":"https:\/\/coronadelinca.com.ar\/en\/wp-json\/wp\/v2\/product_cat?post=14245"},{"taxonomy":"product_tag","embeddable":true,"href":"https:\/\/coronadelinca.com.ar\/en\/wp-json\/wp\/v2\/product_tag?post=14245"}],"curies":[{"name":"wp","href":"https:\/\/api.w.org\/{rel}","templated":true}]}}