{"id":14499,"date":"2026-04-13T18:00:08","date_gmt":"2026-04-13T18:00:08","guid":{"rendered":"https:\/\/coronadelinca.com.ar\/?post_type=product&#038;p=14499"},"modified":"2026-04-13T18:28:19","modified_gmt":"2026-04-13T18:28:19","slug":"404-ii-ruta-del-vino-y-dinosaurios","status":"publish","type":"product","link":"https:\/\/coronadelinca.com.ar\/en\/product\/404-ii-ruta-del-vino-y-dinosaurios\/","title":{"rendered":"404 II &#8211; Ruta del Vino y Dinosaurios"},"content":{"rendered":"","protected":false},"excerpt":{"rendered":"<p><strong>FECHAS DE SALIDA 2026:<\/strong> 05 y 19 de enero \u2013 02 y 16 de febrero \u2013 02, 16, y 30 de marzo \u2013 13 y 27 de abril \u2013 11 y 25 de mayo \u2013 08 \u00a0y 22 de junio \u2013 06 de julio \u2013 03,17 y 31 de agosto \u2013 14 y 28 \u00a0de septiembre \u2013 12 y 26 de octubre \u2013 09 y 23 de noviembre \u2013 07 de diciembre.<\/p>\n<hr \/>\n<table width=\"730\">\n<tbody>\n<tr>\n<td width=\"282\"><strong>TARIFAS por persona, con Hoteles en: La Rioja \/ Villa Uni\u00f3n<\/strong><\/td>\n<td width=\"66\"><strong>DBL \/ TPL<\/strong><\/td>\n<td width=\"66\"><strong>SGL<\/strong><\/td>\n<\/tr>\n<tr>\n<td width=\"282\"><strong>Op.1) &#8211; <\/strong>Avenida 2* \/ Valle Colorado\/ Posada del Monte en Los Sauces<\/td>\n<td width=\"66\">\n<table border=\"0\" width=\"85\" cellspacing=\"0\" cellpadding=\"0\">\n<colgroup>\n<col width=\"85\" \/><\/colgroup>\n<tbody>\n<tr>\n<td class=\"xl65\" align=\"right\" width=\"85\" height=\"19\">$ 865.979<\/td>\n<\/tr>\n<\/tbody>\n<\/table>\n<\/td>\n<td width=\"66\">\n<table border=\"0\" width=\"85\" cellspacing=\"0\" cellpadding=\"0\">\n<colgroup>\n<col width=\"85\" \/><\/colgroup>\n<tbody>\n<tr>\n<td class=\"xl65\" align=\"right\" width=\"85\" height=\"19\">$ 981.123<\/td>\n<\/tr>\n<\/tbody>\n<\/table>\n<\/td>\n<\/tr>\n<tr>\n<td width=\"282\"><strong>Op.2) &#8211; <\/strong>Plaza Hotel Hab. Std 4* \/ Hotel Cuesta de Miranda\/ Hotel Entre Vi\u00f1edos en Los Sauces<\/td>\n<td width=\"66\">\n<table border=\"0\" width=\"85\" cellspacing=\"0\" cellpadding=\"0\">\n<colgroup>\n<col width=\"85\" \/><\/colgroup>\n<tbody>\n<tr>\n<td class=\"xl65\" align=\"right\" width=\"85\" height=\"19\">$ 1.145.614<\/td>\n<\/tr>\n<\/tbody>\n<\/table>\n<\/td>\n<td width=\"66\">\n<table border=\"0\" width=\"85\" cellspacing=\"0\" cellpadding=\"0\">\n<colgroup>\n<col width=\"85\" \/><\/colgroup>\n<tbody>\n<tr>\n<td class=\"xl65\" align=\"right\" width=\"85\" height=\"19\">$ 1.622.640<\/td>\n<\/tr>\n<\/tbody>\n<\/table>\n<\/td>\n<\/tr>\n<tr>\n<td width=\"282\"><strong>Op.3) &#8211; <\/strong>Plaza Hotel H.Sup 4*\/ Hotel Pircas Negras o Ca\u00f1on de Talampaya\/Cha\u00f1armuyo Hotel de Vino en Cha\u00f1armuyo<\/td>\n<td width=\"66\">\n<table border=\"0\" width=\"85\" cellspacing=\"0\" cellpadding=\"0\">\n<colgroup>\n<col width=\"85\" \/><\/colgroup>\n<tbody>\n<tr>\n<td class=\"xl65\" align=\"right\" width=\"85\" height=\"16\">$ 1.364.388<\/td>\n<\/tr>\n<\/tbody>\n<\/table>\n<\/td>\n<td width=\"66\">\n<table border=\"0\" width=\"85\" cellspacing=\"0\" cellpadding=\"0\">\n<colgroup>\n<col width=\"85\" \/><\/colgroup>\n<tbody>\n<tr>\n<td class=\"xl65\" align=\"right\" width=\"85\" height=\"16\">$ 2.093.085<\/td>\n<\/tr>\n<\/tbody>\n<\/table>\n<\/td>\n<\/tr>\n<tr>\n<td width=\"282\"><strong>Op.4) &#8211; <\/strong>Naindo Park Hotel 5*\/Hotel Pircas Negras o Ca\u00f1on de Talampaya\/ Cha\u00f1armuyo Hotel de Vino en Cha\u00f1armuyo<\/td>\n<td width=\"66\">\n<table border=\"0\" width=\"85\" cellspacing=\"0\" cellpadding=\"0\">\n<colgroup>\n<col width=\"85\" \/><\/colgroup>\n<tbody>\n<tr>\n<td class=\"xl65\" align=\"right\" width=\"85\" height=\"16\">$ 1.495.981<\/td>\n<\/tr>\n<\/tbody>\n<\/table>\n<\/td>\n<td width=\"66\">\n<table border=\"0\" width=\"85\" cellspacing=\"0\" cellpadding=\"0\">\n<colgroup>\n<col width=\"85\" \/><\/colgroup>\n<tbody>\n<tr>\n<td class=\"xl65\" align=\"right\" width=\"85\" height=\"16\">$ 2.292.120<\/td>\n<\/tr>\n<\/tbody>\n<\/table>\n<\/td>\n<\/tr>\n<\/tbody>\n<\/table>\n<hr \/>\n<p>Tarifas por persona \u2013 Incluyen Servicios terrestres con Chofer-Gu\u00eda habla espa\u00f1ol y Alojamiento c\/desayuno.<\/p>\n<p>Tarifas validas <strong>al 30 de Junio<\/strong>\u00a0<strong>2026<\/strong><\/p>\n<p>Se indican los hoteles asignados a cada Programa. Cualquier hotel, tanto previsto como confirmado podr\u00e1 cambiarse por otro similar en cualquier momento, incluso durante el viaje por motivos operativos y\/o disponibilidad.<\/p>\n<p>El <strong>orden de las excursiones podr\u00e1 alternarse<\/strong> en caso de ser necesario para un mejor desarrollo del programa a exclusiva decisi\u00f3n de la Empresa.<\/p>\n<p>Salidas sujetas a formaci\u00f3n de grupo. Salidas garantizadas con base m\u00ednima 2 pax. <strong>Pasajero en single, consultar previamente si la salida est\u00e1 confirmada.<\/strong><\/p>","protected":false},"featured_media":13960,"comment_status":"open","ping_status":"closed","template":"","meta":{"_acf_changed":false,"_joinchat":[]},"product_brand":[],"product_cat":[278],"product_tag":[],"class_list":{"0":"post-14499","1":"product","2":"type-product","3":"status-publish","4":"has-post-thumbnail","6":"product_cat-salidas-2026","8":"first","9":"instock","10":"sold-individually","11":"shipping-taxable","12":"purchasable","13":"product-type-booking"},"acf":[],"_links":{"self":[{"href":"https:\/\/coronadelinca.com.ar\/en\/wp-json\/wp\/v2\/product\/14499","targetHints":{"allow":["GET"]}}],"collection":[{"href":"https:\/\/coronadelinca.com.ar\/en\/wp-json\/wp\/v2\/product"}],"about":[{"href":"https:\/\/coronadelinca.com.ar\/en\/wp-json\/wp\/v2\/types\/product"}],"replies":[{"embeddable":true,"href":"https:\/\/coronadelinca.com.ar\/en\/wp-json\/wp\/v2\/comments?post=14499"}],"wp:featuredmedia":[{"embeddable":true,"href":"https:\/\/coronadelinca.com.ar\/en\/wp-json\/wp\/v2\/media\/13960"}],"wp:attachment":[{"href":"https:\/\/coronadelinca.com.ar\/en\/wp-json\/wp\/v2\/media?parent=14499"}],"wp:term":[{"taxonomy":"product_brand","embeddable":true,"href":"https:\/\/coronadelinca.com.ar\/en\/wp-json\/wp\/v2\/product_brand?post=14499"},{"taxonomy":"product_cat","embeddable":true,"href":"https:\/\/coronadelinca.com.ar\/en\/wp-json\/wp\/v2\/product_cat?post=14499"},{"taxonomy":"product_tag","embeddable":true,"href":"https:\/\/coronadelinca.com.ar\/en\/wp-json\/wp\/v2\/product_tag?post=14499"}],"curies":[{"name":"wp","href":"https:\/\/api.w.org\/{rel}","templated":true}]}}